{"id":3,"date":"2020-06-10T11:09:41","date_gmt":"2020-06-10T09:09:41","guid":{"rendered":"https:\/\/ghilardistampi.it\/?page_id=3"},"modified":"2021-08-02T16:14:40","modified_gmt":"2021-08-02T14:14:40","slug":"privacy-cookie-policy","status":"publish","type":"page","link":"https:\/\/ghilardistampi.it\/en\/privacy-cookie-policy\/","title":{"rendered":"Privacy e Cookie Policy"},"content":{"rendered":"\t\t<div data-elementor-type=\"wp-page\" data-elementor-id=\"3\" class=\"elementor elementor-3\" data-elementor-post-type=\"page\">\n\t\t\t\t\t\t<section class=\"elementor-section elementor-top-section elementor-element elementor-element-55d2078a elementor-section-boxed elementor-section-height-default elementor-section-height-default\" data-id=\"55d2078a\" data-element_type=\"section\" data-e-type=\"section\" data-settings=\"{&quot;jet_parallax_layout_list&quot;:[{&quot;jet_parallax_layout_image&quot;:{&quot;url&quot;:&quot;&quot;,&quot;id&quot;:&quot;&quot;,&quot;size&quot;:&quot;&quot;},&quot;_id&quot;:&quot;78c08a3&quot;,&quot;jet_parallax_layout_image_tablet&quot;:{&quot;url&quot;:&quot;&quot;,&quot;id&quot;:&quot;&quot;,&quot;size&quot;:&quot;&quot;},&quot;jet_parallax_layout_image_mobile&quot;:{&quot;url&quot;:&quot;&quot;,&quot;id&quot;:&quot;&quot;,&quot;size&quot;:&quot;&quot;},&quot;jet_parallax_layout_speed&quot;:{&quot;unit&quot;:&quot;%&quot;,&quot;size&quot;:50,&quot;sizes&quot;:[]},&quot;jet_parallax_layout_type&quot;:&quot;scroll&quot;,&quot;jet_parallax_layout_direction&quot;:null,&quot;jet_parallax_layout_fx_direction&quot;:null,&quot;jet_parallax_layout_z_index&quot;:&quot;&quot;,&quot;jet_parallax_layout_bg_x&quot;:50,&quot;jet_parallax_layout_bg_x_tablet&quot;:&quot;&quot;,&quot;jet_parallax_layout_bg_x_mobile&quot;:&quot;&quot;,&quot;jet_parallax_layout_bg_y&quot;:50,&quot;jet_parallax_layout_bg_y_tablet&quot;:&quot;&quot;,&quot;jet_parallax_layout_bg_y_mobile&quot;:&quot;&quot;,&quot;jet_parallax_layout_bg_size&quot;:&quot;auto&quot;,&quot;jet_parallax_layout_bg_size_tablet&quot;:&quot;&quot;,&quot;jet_parallax_layout_bg_size_mobile&quot;:&quot;&quot;,&quot;jet_parallax_layout_animation_prop&quot;:&quot;transform&quot;,&quot;jet_parallax_layout_on&quot;:[&quot;desktop&quot;,&quot;tablet&quot;]}]}\">\n\t\t\t\t\t\t<div class=\"elementor-container elementor-column-gap-default\">\n\t\t\t\t\t<div class=\"elementor-column elementor-col-100 elementor-top-column elementor-element elementor-element-7d856329\" data-id=\"7d856329\" data-element_type=\"column\" data-e-type=\"column\">\n\t\t\t<div class=\"elementor-widget-wrap elementor-element-populated\">\n\t\t\t\t\t\t<div class=\"elementor-element elementor-element-240265b7 elementor-widget elementor-widget-text-editor\" data-id=\"240265b7\" data-element_type=\"widget\" data-e-type=\"widget\" data-widget_type=\"text-editor.default\">\n\t\t\t\t<div class=\"elementor-widget-container\">\n\t\t\t\t\t\t\t\t\t<p><strong><em>Informativa Privacy<\/em><\/strong><\/p>\n<p><em>Informativa per il trattamento dei dati personali<\/em><\/p>\n<p>Ghilardi Stampi S.r.l. Via Siviglia, 1\/3 \u2013 Cologno Monzese (MI) 20093&nbsp;in qualit\u00e0 di Titolare&nbsp;del trattamento, Vi informa ai sensi dell\u2019art. 13 D.Lgs. 30.06.2003 n. 196 (in seguito, \u201cCodice Privacy\u201d) e dell\u2019art. 13 Regolamento UE n. 2016\/679 (in seguito, \u201cGDPR\u201d) che i Vostri dati saranno trattati con le modalit\u00e0 e per le finalit\u00e0 seguenti:<\/p>\n<p>Ghilardi Stampi S.r.l. tratta i dati personali, identificativi e non sensibili (a titolo esemplificativo ma non esaustivo, nome, cognome, indirizzo, telefono, e-mail \u2013 in seguito, \u201c<strong>dati personali<\/strong>\u201d o anche \u201c<strong>dati<\/strong>\u201d) da Voi comunicati.<\/p>\n<p><strong><u>Quali dati trattiamo e perch\u00e9<\/u><\/strong><\/p>\n<p>Le categorie di dati personali che il nostro sito raccoglie e tratta quando navighi o acquisti su ghilardistampi.it, sono le seguenti:<\/p>\n<ul>\n<li>Raccogliamo i dati personali necessari per concludere e dare esecuzione al tuo acquisto: nome e cognome, indirizzo e-mail, indirizzo di spedizione, indirizzo di fatturazione,&nbsp; telefono e dati di pagamento;<\/li>\n<li>Raccogliamo il tuo indirizzo e-mail quando ti iscrivi al nostro servizio di newsletter;<\/li>\n<li>Trattiamo i dati personali che ci fornisci quando contatti il nostro Servizio Clienti per fornirti l\u2019assistenza richiesta;<\/li>\n<li>Previo tuo consenso, raccogliamo e utilizziamo i tuoi dati personali per finalit\u00e0 di marketing;<\/li>\n<li>Per la registrazione del tuo account, raccogliamo il tuo nome e cognome, il tuo indirizzo e-mail e la password.<\/li>\n<\/ul>\n<p><strong><u>Come utilizziamo i tuoi dati<\/u><\/strong><\/p>\n<p>Ghilardi Stampi S.r.l. raccoglie e tratta i tuoi dati personali per le seguenti finalit\u00e0:<\/p>\n<ul>\n<li>Concludere e dare esecuzione al contratto di acquisto dei prodotti offerti.<\/li>\n<li>Registrazione al Sito e fruizione dei servizi offerti agli utenti registrati;<\/li>\n<li>Gestione delle richieste al nostro Servizio Clienti, il quale utilizza i dati personali che fornisci per soddisfare le tue richieste d\u2019informazioni e richieste d\u2019assistenza;<\/li>\n<li>Se ci invierai il tuo CV per essere considerato per una candidatura ad una posizione aperta, utilizzeremo le informazioni contenute nel tuo CV esclusivamente a tale scopo;<\/li>\n<li>Previo tuo espresso consenso, potremo utilizzare i recapiti che ci hai fornito per comunicazioni di natura commerciale sui nostri prodotti e servizi, al fine di aggiornarti sulle novit\u00e0, i nuovi arrivi, sui prodotti in esclusiva, sulle nostre offerte e promozioni. Inoltre, sempre previo tuo consenso, potremo utilizzare i tuoi contatti nell\u2019ambito dello svolgimento di ricerche di mercato e indagini per la rilevazione della soddisfazione allo scopo di migliorare i nostri servizi e il rapporto con i nostri utenti.<\/li>\n<\/ul>\n<p><strong><u>Sicurezza dei dati<\/u><\/strong><\/p>\n<p>Proteggiamo i tuoi dati personali con specifiche misure di sicurezza tecniche e organizzative, volte a prevenire che i tuoi dati personali possano essere utilizzati in maniera illegittima o fraudolenta. In particolare, vengono adottate le misure di cui agli artt. 31-34 Codice Privacy.<\/p>\n<p><strong><u>Chi ha accesso ai dati<\/u><\/strong><\/p>\n<p>I Vostri dati potranno essere resi accessibili per le finalit\u00e0 elencate a:<\/p>\n<ul>\n<li>Nostri dipendenti e collaboratori nella loro qualit\u00e0 di incaricati e\/o responsabili interni del trattamento e\/o amministratori di sistema;<\/li>\n<li>a societ\u00e0 terze o altri soggetti (a titolo indicativo, tecnici addetti all\u2019assistenza hardware e software, spedizionieri e vettori, istituti di credito, studi professionali, etc.) che svolgono attivit\u00e0 in outsourcing per conto della Ghilardi Stampi S.r.l., nella loro qualit\u00e0 di responsabili esterni del trattamento.<\/li>\n<\/ul>\n<p><strong><u>Comunicazione dei dati<\/u><\/strong><\/p>\n<p>Senza il Vostro espresso consenso (ex art. 24 lett. a), b), d) Codice Privacy e art. 6 lett. b) e c) GDPR), Ghilardi Stampi S.r.l. potr\u00e0 comunicare i Vostri dati per le finalit\u00e0 elencate a Organismi di vigilanza, Autorit\u00e0 giudiziarie nonch\u00e9 a tutti gli altri soggetti ai quali la comunicazione sia obbligatoria. I Vostri dati non saranno diffusi.<\/p>\n<p><strong><u>Trasferimento dati<\/u><\/strong><\/p>\n<p>La gestione e la conservazione dei dati personali avviene, all\u2019interno dell\u2019Unione Europea, su server ubicati in Italia della Ghilardi Stampi S.r.l. e\/o di societ\u00e0 terze incaricate e debitamente nominate quali Responsabili del trattamento.<\/p>\n<p><strong><u>Per quanto conserviamo i tuoi dati<\/u><\/strong><\/p>\n<p>Conserviamo i tuoi dati personali per un periodo di tempo limitato, diverso a seconda del tipo di attivit\u00e0 che prevede il trattamento dei tuoi dati personali.<br>Scaduto questo periodo, i tuoi dati saranno definitivamente cancellati o comunque resi anonimi in via irreversibile.<br>I tuoi dati personali sono conservati nel rispetto dei termini e criteri di seguito specificati:<\/p>\n<ol start=\"2\">\n<li>Dati raccolti per concludere ed eseguire contratti di acquisto di beni su ghilardistampi.it: fino alla conclusione delle formalit\u00e0 amministrativo-contabili. I dati legati alla fatturazione saranno conservati per dieci anni dalla data di fatturazione;<\/li>\n<li>Dati dell\u2019Utente registrato: i dati saranno conservati sino a quando non richiederai la cancellazione del tuo profilo;<\/li>\n<li>Dati relativi al pagamento: fino alla certificazione del pagamento e alla conclusione delle relative formalit\u00e0 amministrativo-contabili conseguenti allo scadere del diritto di recesso e ai termini applicati per la contestazione del pagamento;<\/li>\n<li>Dati connessi a richieste degli utenti al nostro Servizio Clienti: i dati utili ad assisterti verranno conservati fino al soddisfacimento della tua richiesta;<\/li>\n<li>Dati utilizzati per attivit\u00e0 di comunicazione commerciale nei confronti degli utenti registrati alla newsletter: questi dati vengono conservati fino alla cessazione del servizio o all\u2019esercizio dell\u2019opposizione tramite disiscrizione da parte dell\u2019utente;<\/li>\n<li>Dati utilizzati per lo svolgimento di ricerche di mercato e di indagini per la rilevazione della soddisfazione: fino a quando l\u2019Utente non chieda la cessazione dell\u2019attivit\u00e0.<\/li>\n<\/ol>\n<p>In ogni caso, per ragioni tecniche, la cessazione del trattamento e la conseguente cancellazione definitiva o anonimizzazione in via irreversibile dei relativi dati personali sar\u00e0 definitiva entro trenta giorni dai termini sopra indicati.<\/p>\n<p><strong><u>I tuoi diritti<\/u><\/strong><\/p>\n<p>Nella Vostra qualit\u00e0 di interessati, avete i diritti di cui all\u2019art. 7 Codice Privacy e art. 15 GDPR e precisamente i diritti di:<\/p>\n<ul>\n<li>Accedere ai tuoi dati e modificarli: hai diritto ad accedere ai tuoi dati personali e di chiedere che siano corretti, modificati o integrati con altre informazioni;<\/li>\n<li>Revocare il tuo consenso: puoi revocare in qualsiasi momento un consenso che hai prestato per il trattamento dei tuoi dati personali in relazione a qualsiasi attivit\u00e0 con finalit\u00e0 di marketing;<\/li>\n<li>Cancellare i tuoi dati: nei casi previsti dalla normativa vigente puoi chiedere la cancellazione dei tuoi dati personali. Ricevuta e vagliata la tua richiesta, se legittima sar\u00e0 nostra cura cessare tempestivamente il trattamento e cancellare i tuoi dati personali.<\/li>\n<\/ul>\n<p><strong><u>Modalit\u00e0 di esercizio dei diritti<\/u><\/strong><\/p>\n<p>Potrete in qualsiasi momento esercitare in uno dei seguenti modi:<\/p>\n<ul>\n<li>Effettuando la cancellazione del proprio profilo registrato inviando una mail all\u2019indirizzo&nbsp;info@ghilardistampi.it<\/li>\n<li>Cliccando su \u201cClicca qui\u201d a seguito di \u201cNon desideri pi\u00f9 ricevere queste comunicazioni?\u201d che trovi alla fine di ogni nostra mail commerciale.<\/li>\n<\/ul>\n<p><strong><u>Titolare, responsabile e incaricati<\/u><\/strong><\/p>\n<p>L\u2019elenco aggiornato dei responsabili e degli incaricati al trattamento \u00e8 custodito presso la nostra sede con domicilio professionale in Via Siviglia, 1\/3 \u2013 Cologno Monzese (MI) 20093<\/p>\n<p><strong><u>Cookies policy<\/u><\/strong><\/p>\n<p><em>Che cos\u2019\u00e8 un cookie?<\/em><\/p>\n<p>Un cookie \u00e8 un file di piccole dimensioni che viene inviato al browser in uso e salvato sul tuo dispositivo quando visiti un sito internet.<\/p>\n<p>I cookie permettono un funzionamento efficiente del sito e ne migliorano le prestazioni, inoltre forniscono informazioni al proprietario del sito per fini statistici o pubblicitari, principalmente per personalizzare la tua esperienza di navigazione ricordando le tue preferenze (per esempio per riconoscerti alla visita successiva ricordando la lingua e la valuta che hai impostato, ecc.).<\/p>\n<p><em>Titolare del trattamento<\/em><\/p>\n<p>L\u2019utilizzo di cookie da parte di Ghilardi Stampi S.r.l. con domicilio in Via Siviglia, 1\/3 \u2013 Cologno Monzese (MI) 20093 in qualit\u00e0 di Titolare del trattamento,, rientra nella politica di privacy del Gestore, in conformit\u00e0 a quanto previsto dal D. Lgs 196\/03 Codice in materia di protezione dei dati personali (Codice Privacy) e dal Provvedimento dell\u20198 maggio 2014 \u201cIndividuazione delle modalit\u00e0 semplificate per l\u2019informativa e l\u2019acquisizione del consenso per l\u2019uso dei cookie\u201d del Garante Privacy Italiano. Ai sensi dell\u2019Art. 13 del Codice Privacy ti informiamo che Ghilardi Stampi S.r.l., in qualit\u00e0 di Titolare del trattamento agisce conformemente a quanto previsto dalla normativa in materia.<\/p>\n<p><em>Modalit\u00e0 di accettazione<\/em><\/p>\n<p>Come specificato nell\u2019informativa breve anticipata nel banner, puoi prestare il tuo consenso all\u2019utilizzo dei cookie in forma semplificata: cliccando sul tasto \u201cOK\u201d; chiudendo il banner dal tasto \u201cX\u201d; scorrendo la pagina o cliccando qualunque elemento dei contenuti interni alle pagine del sito.<br>La continuazione della navigazione mediante l\u2019uscita dalla presente cookie policy, in assenza di una specifica scelta di gestione dei consensi, equivale al conferimento di un consenso all\u2019utilizzo di tutti i cookie.<\/p>\n<p><em>Quali cookie utilizziamo e per quali finalit\u00e0?<\/em><\/p>\n<p>Il nostro sito utilizza diverse tipologie di cookie, ognuna delle quali ha una specifica funzione.<\/p>\n<p>Eccone una spiegazione:<\/p>\n<ol>\n<li><u>Funzionali:<\/u>cookie necessari per le funzionalit\u00e0 di base del Sito, di conseguenza sempre abilitati.<\/li>\n<\/ol>\n<p>Includono i cookie che consentono di ricordare gli utenti nel momento in cui si naviga sul Sito in una singola sessione o, se richiesto, da una sessione all\u2019altra, aiutano a rendere possibile la formazione del carrello degli acquisti ed il processo di pagamento, oltre a fornire assistenza per problemi di sicurezza e di conformit\u00e0 alle normative.<\/p>\n<ol start=\"2\">\n<li><u>Prestazioni:<\/u>cookie consentono di migliorare la funzionalit\u00e0 dei nostri Siti monitorandone l\u2019utilizzo.<\/li>\n<\/ol>\n<p>In alcuni casi questi cookie migliorano la velocit\u00e0 di elaborazione delle richieste e consentono di memorizzare le preferenze del sito selezionato. Rifiutare questi cookie pu\u00f2 portare a delle indicazioni poco specifiche e ad un funzionamento pi\u00f9 lento del sito.<\/p>\n<ol start=\"3\">\n<li><u>Social media e pubblicit\u00e0:<\/u>cookie relativi ai social media che offrono la possibilit\u00e0 di connettersi ai social network e condividere contenuti dei nostri siti attraverso i social media.<\/li>\n<\/ol>\n<p>I cookie pubblicitari (di terze parti) raccolgono informazioni per aiutare ad adattare meglio la pubblicit\u00e0 ai vostri interessi, sia all\u2019interno che all\u2019esterno dei nostri Siti. In alcuni casi, questi cookie comportano il trattamento dei vostri dati personali. Rifiutare questi cookie pu\u00f2 comportare la visualizzazione di pubblicit\u00e0 di nessun interesse per te o l\u2019impossibilit\u00e0 di collegarsi in modo efficace con Facebook o altri social network e \/ o di condividere contenuti sui social media.<\/p>\n<p><em>Come posso disabilitare i cookie e gestire le mie preferenze?<\/em><\/p>\n<p>La maggior parte dei browser \u00e8 configurata per accettare, controllare o eventualmente disabilitare i cookie attraverso le impostazioni. Ti ricordiamo tuttavia che disabilitare i cookie di navigazione o quelli funzionali pu\u00f2 causare un insoddisfacente funzionamento del sito e\/o limitare il servizio che offriamo.<\/p>\n<p><!-- \/wp:heading --><\/p>\t\t\t\t\t\t\t\t<\/div>\n\t\t\t\t<\/div>\n\t\t\t\t\t<\/div>\n\t\t<\/div>\n\t\t\t\t\t<\/div>\n\t\t<\/section>\n\t\t\t\t<\/div>\n\t\t","protected":false},"excerpt":{"rendered":"<p>Informativa Privacy Informativa per il trattamento dei dati personali Ghilardi Stampi S.r.l. Via Siviglia, 1\/3 \u2013 Cologno Monzese (MI) 20093\u00a0in qualit\u00e0 di Titolare\u00a0del trattamento, Vi informa ai sensi dell\u2019art. 13 D.Lgs. 30.06.2003 n. 196 (in seguito, \u201cCodice Privacy\u201d) e dell\u2019art. 13 Regolamento UE n. 2016\/679 (in seguito, \u201cGDPR\u201d) che i Vostri dati saranno trattati con [&hellip;]<\/p>\n","protected":false},"author":1,"featured_media":0,"parent":0,"menu_order":30,"comment_status":"closed","ping_status":"closed","template":"","meta":{"_acf_changed":false,"footnotes":""},"class_list":["post-3","page","type-page","status-publish","hentry"],"acf":[],"yoast_head":"<!-- This site is optimized with the Yoast SEO plugin v27.4 - https:\/\/yoast.com\/product\/yoast-seo-wordpress\/ -->\n<title>Privacy e Cookie Policy - Ghilardi Stampi Srl<\/title>\n<meta name=\"robots\" content=\"noindex, follow, max-snippet:-1, max-image-preview:large, max-video-preview:-1\" \/>\n<meta property=\"og:locale\" content=\"en_GB\" \/>\n<meta property=\"og:type\" content=\"article\" \/>\n<meta property=\"og:title\" content=\"Privacy e Cookie Policy - Ghilardi Stampi Srl\" \/>\n<meta property=\"og:description\" content=\"Informativa Privacy Informativa per il trattamento dei dati personali Ghilardi Stampi S.r.l. Via Siviglia, 1\/3 \u2013 Cologno Monzese (MI) 20093\u00a0in qualit\u00e0 di Titolare\u00a0del trattamento, Vi informa ai sensi dell\u2019art. 13 D.Lgs. 30.06.2003 n. 196 (in seguito, \u201cCodice Privacy\u201d) e dell\u2019art. 13 Regolamento UE n. 2016\/679 (in seguito, \u201cGDPR\u201d) che i Vostri dati saranno trattati con [&hellip;]\" \/>\n<meta property=\"og:url\" content=\"https:\/\/ghilardistampi.it\/en\/privacy-cookie-policy\/\" \/>\n<meta property=\"og:site_name\" content=\"Ghilardi Stampi Srl\" \/>\n<meta property=\"article:modified_time\" content=\"2021-08-02T14:14:40+00:00\" \/>\n<meta name=\"twitter:card\" content=\"summary_large_image\" \/>\n<meta name=\"twitter:label1\" content=\"Estimated reading time\" \/>\n\t<meta name=\"twitter:data1\" content=\"8 minutes\" \/>\n<script type=\"application\/ld+json\" class=\"yoast-schema-graph\">{\"@context\":\"https:\\\/\\\/schema.org\",\"@graph\":[{\"@type\":\"WebPage\",\"@id\":\"https:\\\/\\\/ghilardistampi.it\\\/privacy-cookie-policy\\\/\",\"url\":\"https:\\\/\\\/ghilardistampi.it\\\/privacy-cookie-policy\\\/\",\"name\":\"Privacy e Cookie Policy - Ghilardi Stampi Srl\",\"isPartOf\":{\"@id\":\"https:\\\/\\\/ghilardistampi.it\\\/#website\"},\"datePublished\":\"2020-06-10T09:09:41+00:00\",\"dateModified\":\"2021-08-02T14:14:40+00:00\",\"breadcrumb\":{\"@id\":\"https:\\\/\\\/ghilardistampi.it\\\/privacy-cookie-policy\\\/#breadcrumb\"},\"inLanguage\":\"en-GB\",\"potentialAction\":[{\"@type\":\"ReadAction\",\"target\":[\"https:\\\/\\\/ghilardistampi.it\\\/privacy-cookie-policy\\\/\"]}]},{\"@type\":\"BreadcrumbList\",\"@id\":\"https:\\\/\\\/ghilardistampi.it\\\/privacy-cookie-policy\\\/#breadcrumb\",\"itemListElement\":[{\"@type\":\"ListItem\",\"position\":1,\"name\":\"Home\",\"item\":\"https:\\\/\\\/ghilardistampi.it\\\/\"},{\"@type\":\"ListItem\",\"position\":2,\"name\":\"Privacy e Cookie Policy\"}]},{\"@type\":\"WebSite\",\"@id\":\"https:\\\/\\\/ghilardistampi.it\\\/#website\",\"url\":\"https:\\\/\\\/ghilardistampi.it\\\/\",\"name\":\"Ghilardi Stampi Srl\",\"description\":\"Costruzione stampi ed attrezzature per l\u2019alta produzione di articoli in materie termoplastiche\",\"publisher\":{\"@id\":\"https:\\\/\\\/ghilardistampi.it\\\/#organization\"},\"potentialAction\":[{\"@type\":\"SearchAction\",\"target\":{\"@type\":\"EntryPoint\",\"urlTemplate\":\"https:\\\/\\\/ghilardistampi.it\\\/?s={search_term_string}\"},\"query-input\":{\"@type\":\"PropertyValueSpecification\",\"valueRequired\":true,\"valueName\":\"search_term_string\"}}],\"inLanguage\":\"en-GB\"},{\"@type\":\"Organization\",\"@id\":\"https:\\\/\\\/ghilardistampi.it\\\/#organization\",\"name\":\"Ghilardi Stampi Srl\",\"url\":\"https:\\\/\\\/ghilardistampi.it\\\/\",\"logo\":{\"@type\":\"ImageObject\",\"inLanguage\":\"en-GB\",\"@id\":\"https:\\\/\\\/ghilardistampi.it\\\/#\\\/schema\\\/logo\\\/image\\\/\",\"url\":\"https:\\\/\\\/ghilardistampi.it\\\/wp-content\\\/uploads\\\/2024\\\/07\\\/GHILARDI-STAMPI-logo-HOME.png\",\"contentUrl\":\"https:\\\/\\\/ghilardistampi.it\\\/wp-content\\\/uploads\\\/2024\\\/07\\\/GHILARDI-STAMPI-logo-HOME.png\",\"width\":800,\"height\":271,\"caption\":\"Ghilardi Stampi Srl\"},\"image\":{\"@id\":\"https:\\\/\\\/ghilardistampi.it\\\/#\\\/schema\\\/logo\\\/image\\\/\"}}]}<\/script>\n<!-- \/ Yoast SEO plugin. -->","yoast_head_json":{"title":"Privacy e Cookie Policy - Ghilardi Stampi Srl","robots":{"index":"noindex","follow":"follow","max-snippet":"max-snippet:-1","max-image-preview":"max-image-preview:large","max-video-preview":"max-video-preview:-1"},"og_locale":"en_GB","og_type":"article","og_title":"Privacy e Cookie Policy - Ghilardi Stampi Srl","og_description":"Informativa Privacy Informativa per il trattamento dei dati personali Ghilardi Stampi S.r.l. Via Siviglia, 1\/3 \u2013 Cologno Monzese (MI) 20093\u00a0in qualit\u00e0 di Titolare\u00a0del trattamento, Vi informa ai sensi dell\u2019art. 13 D.Lgs. 30.06.2003 n. 196 (in seguito, \u201cCodice Privacy\u201d) e dell\u2019art. 13 Regolamento UE n. 2016\/679 (in seguito, \u201cGDPR\u201d) che i Vostri dati saranno trattati con [&hellip;]","og_url":"https:\/\/ghilardistampi.it\/en\/privacy-cookie-policy\/","og_site_name":"Ghilardi Stampi Srl","article_modified_time":"2021-08-02T14:14:40+00:00","twitter_card":"summary_large_image","twitter_misc":{"Estimated reading time":"8 minutes"},"schema":{"@context":"https:\/\/schema.org","@graph":[{"@type":"WebPage","@id":"https:\/\/ghilardistampi.it\/privacy-cookie-policy\/","url":"https:\/\/ghilardistampi.it\/privacy-cookie-policy\/","name":"Privacy e Cookie Policy - Ghilardi Stampi Srl","isPartOf":{"@id":"https:\/\/ghilardistampi.it\/#website"},"datePublished":"2020-06-10T09:09:41+00:00","dateModified":"2021-08-02T14:14:40+00:00","breadcrumb":{"@id":"https:\/\/ghilardistampi.it\/privacy-cookie-policy\/#breadcrumb"},"inLanguage":"en-GB","potentialAction":[{"@type":"ReadAction","target":["https:\/\/ghilardistampi.it\/privacy-cookie-policy\/"]}]},{"@type":"BreadcrumbList","@id":"https:\/\/ghilardistampi.it\/privacy-cookie-policy\/#breadcrumb","itemListElement":[{"@type":"ListItem","position":1,"name":"Home","item":"https:\/\/ghilardistampi.it\/"},{"@type":"ListItem","position":2,"name":"Privacy e Cookie Policy"}]},{"@type":"WebSite","@id":"https:\/\/ghilardistampi.it\/#website","url":"https:\/\/ghilardistampi.it\/","name":"Ghilardi Stampi Srl","description":"Construction of moulds and equipment for high production of thermoplastic items","publisher":{"@id":"https:\/\/ghilardistampi.it\/#organization"},"potentialAction":[{"@type":"SearchAction","target":{"@type":"EntryPoint","urlTemplate":"https:\/\/ghilardistampi.it\/?s={search_term_string}"},"query-input":{"@type":"PropertyValueSpecification","valueRequired":true,"valueName":"search_term_string"}}],"inLanguage":"en-GB"},{"@type":"Organization","@id":"https:\/\/ghilardistampi.it\/#organization","name":"Ghilardi Stampi Srl","url":"https:\/\/ghilardistampi.it\/","logo":{"@type":"ImageObject","inLanguage":"en-GB","@id":"https:\/\/ghilardistampi.it\/#\/schema\/logo\/image\/","url":"https:\/\/ghilardistampi.it\/wp-content\/uploads\/2024\/07\/GHILARDI-STAMPI-logo-HOME.png","contentUrl":"https:\/\/ghilardistampi.it\/wp-content\/uploads\/2024\/07\/GHILARDI-STAMPI-logo-HOME.png","width":800,"height":271,"caption":"Ghilardi Stampi Srl"},"image":{"@id":"https:\/\/ghilardistampi.it\/#\/schema\/logo\/image\/"}}]}},"_links":{"self":[{"href":"https:\/\/ghilardistampi.it\/en\/wp-json\/wp\/v2\/pages\/3","targetHints":{"allow":["GET"]}}],"collection":[{"href":"https:\/\/ghilardistampi.it\/en\/wp-json\/wp\/v2\/pages"}],"about":[{"href":"https:\/\/ghilardistampi.it\/en\/wp-json\/wp\/v2\/types\/page"}],"author":[{"embeddable":true,"href":"https:\/\/ghilardistampi.it\/en\/wp-json\/wp\/v2\/users\/1"}],"replies":[{"embeddable":true,"href":"https:\/\/ghilardistampi.it\/en\/wp-json\/wp\/v2\/comments?post=3"}],"version-history":[{"count":9,"href":"https:\/\/ghilardistampi.it\/en\/wp-json\/wp\/v2\/pages\/3\/revisions"}],"predecessor-version":[{"id":1395,"href":"https:\/\/ghilardistampi.it\/en\/wp-json\/wp\/v2\/pages\/3\/revisions\/1395"}],"wp:attachment":[{"href":"https:\/\/ghilardistampi.it\/en\/wp-json\/wp\/v2\/media?parent=3"}],"curies":[{"name":"wp","href":"https:\/\/api.w.org\/{rel}","templated":true}]}}